{"id":842,"date":"2025-08-26T01:59:47","date_gmt":"2025-08-25T23:59:47","guid":{"rendered":"https:\/\/www.lktholding.sk\/faq\/"},"modified":"2025-09-24T14:54:02","modified_gmt":"2025-09-24T12:54:02","slug":"faq","status":"publish","type":"page","link":"https:\/\/www.lktholding.sk\/de\/faq\/","title":{"rendered":"FAQ"},"content":{"rendered":"<section class=\"faq-section\"><div class=\"faq-box\"><div class=\"row\"><div class=\"column small-1 medium-1 large-1 faq-icon\"><span>+<\/span><\/div><div class=\"column small-11 medium-11 large-11 faq-content\"><div class=\"row\"><div class=\"column small-12 medium-12 large-12 faq-title\"><h3>LKT widmet sich nicht mehr der Herstellung neuer Maschinen und konzentriert sich nur noch auf \u00e4ltere Modelle. Trifft das zu?<\/h3><\/div><div class=\"column small-12 medium-12 large-12 faq-text\"><div class=\"faq-text-inner\">\n<p>Diese Behauptung ist nicht wahr, und wir freuen uns, sie richtigstellen zu k\u00f6nnen.<br \/>LKT <strong>setzt aktiv die Entwicklung und Produktion neuer, moderner<br \/>Forstspezialschlepper und R\u00fcckez\u00fcge fort.<\/strong> Unsere aktuelle Modellreihe umfasst f\u00fcnf<br \/>spezialisierte Maschinen (LKT 60, LKT 81 ITL, LKT 130, LKT 150 und LKT 210), die<br \/>das Ergebnis der Verbindung unserer \u00fcber 50-j\u00e4hrigen Erfahrung mit den neuesten<br \/>Technologien und Innovationen sind. Wir investieren kontinuierlich in die Modernisierung unserer Produkte<br \/>und Produktionsprozesse, um den h\u00f6chsten Anforderungen an Leistung, Effizienz,<br \/>Sicherheit und Umweltfreundlichkeit gerecht zu werden. <\/p>\n<\/div><\/div><\/div><\/div><\/div><\/div><div class=\"faq-box\"><div class=\"row\"><div class=\"column small-1 medium-1 large-1 faq-icon\"><span>+<\/span><\/div><div class=\"column small-11 medium-11 large-11 faq-content\"><div class=\"row\"><div class=\"column small-12 medium-12 large-12 faq-title\"><h3>Wie erhalte ich ein Angebot f\u00fcr eine neue LKT-Maschine?<\/h3><\/div><div class=\"column small-12 medium-12 large-12 faq-text\"><div class=\"faq-text-inner\">\n<p>Um ein individuelles Angebot zu erhalten, kontaktieren Sie uns bitte \u00fcber das<br \/>Kontaktformular auf unserer Webseite, per E-Mail oder telefonisch. Unsere<br \/>Vertriebsmitarbeiter stehen Ihnen gerne zur Verf\u00fcgung. <\/p>\n<\/div><\/div><\/div><\/div><\/div><\/div><div class=\"faq-box\"><div class=\"row\"><div class=\"column small-1 medium-1 large-1 faq-icon\"><span>+<\/span><\/div><div class=\"column small-11 medium-11 large-11 faq-content\"><div class=\"row\"><div class=\"column small-12 medium-12 large-12 faq-title\"><h3>Bieten Sie Finanzierungsm\u00f6glichkeiten f\u00fcr den Maschinenkauf an, zum Beispiel Leasing?<\/h3><\/div><div class=\"column small-12 medium-12 large-12 faq-text\"><div class=\"faq-text-inner\">\n<p>Ja, in Zusammenarbeit mit unseren Partnern k\u00f6nnen wir Sie bei der Sicherstellung der Finanzierung<br \/>f\u00fcr den Kauf einer LKT-Maschine unterst\u00fctzen, einschlie\u00dflich Leasingoptionen. F\u00fcr weitere Informationen kontaktieren Sie bitte<br \/>unsere Verkaufsabteilung. <\/p>\n<\/div><\/div><\/div><\/div><\/div><\/div><div class=\"faq-box\"><div class=\"row\"><div class=\"column small-1 medium-1 large-1 faq-icon\"><span>+<\/span><\/div><div class=\"column small-11 medium-11 large-11 faq-content\"><div class=\"row\"><div class=\"column small-12 medium-12 large-12 faq-title\"><h3>F\u00fcr welche Gel\u00e4ndearten sind LKT-Maschinen konzipiert?<\/h3><\/div><div class=\"column small-12 medium-12 large-12 faq-text\"><div class=\"faq-text-inner\">\n<p>LKT-Forstmaschinen sind f\u00fcr zuverl\u00e4ssige Arbeit in einer Vielzahl anspruchsvoller<br \/>Gel\u00e4ndearten konzipiert. Ihre robuste Bauweise, fortschrittliche Antriebssysteme und hervorragende Stabilit\u00e4t<br \/>gew\u00e4hrleisten maximale Gel\u00e4ndeg\u00e4ngigkeit, egal ob Sie an steilen H\u00e4ngen,<br \/>auf unebenem Untergrund oder unter anderen extremen Forstbedingungen arbeiten. <\/p>\n<\/div><\/div><\/div><\/div><\/div><\/div><div class=\"faq-box\"><div class=\"row\"><div class=\"column small-1 medium-1 large-1 faq-icon\"><span>+<\/span><\/div><div class=\"column small-11 medium-11 large-11 faq-content\"><div class=\"row\"><div class=\"column small-12 medium-12 large-12 faq-title\"><h3>Welche ungef\u00e4hre Lebensdauer haben LKT-Maschinen?<\/h3><\/div><div class=\"column small-12 medium-12 large-12 faq-text\"><div class=\"faq-text-inner\">\n<p>LKT-Maschinen sind bekannt f\u00fcr ihre Robustheit und lange Lebensdauer. Bei richtiger<br \/>Wartung und Verwendung von Originalersatzteilen k\u00f6nnen unsere Maschinen auch unter den<br \/>anspruchsvollsten Bedingungen viele Jahre zuverl\u00e4ssig ihren Dienst tun. Wir bieten auch<br \/>General\u00fcberholungen an, die die Lebensdauer der Maschine noch erheblich verl\u00e4ngern k\u00f6nnen.  <\/p>\n<\/div><\/div><\/div><\/div><\/div><\/div><div class=\"faq-box\"><div class=\"row\"><div class=\"column small-1 medium-1 large-1 faq-icon\"><span>+<\/span><\/div><div class=\"column small-11 medium-11 large-11 faq-content\"><div class=\"row\"><div class=\"column small-12 medium-12 large-12 faq-title\"><h3>Bietet LKT Service f\u00fcr seine Maschinen?<\/h3><\/div><div class=\"column small-12 medium-12 large-12 faq-text\"><div class=\"faq-text-inner\">\n<p>Ja, das Unternehmen LKT bietet einen umfassenden <strong>Garantie- und Nachgarantieservice f\u00fcr alle<br \/>seine Produkte.<\/strong> Wir verf\u00fcgen \u00fcber eigene Servicemitarbeiter in der Slowakei und ein Netzwerk<br \/>von vertraglichen Partner-Servicestellen, wo unsere Experten bereit sind, schnell und<br \/>qualifiziert zu helfen.<\/p>\n<\/div><\/div><\/div><\/div><\/div><\/div><div class=\"faq-box\"><div class=\"row\"><div class=\"column small-1 medium-1 large-1 faq-icon\"><span>+<\/span><\/div><div class=\"column small-11 medium-11 large-11 faq-content\"><div class=\"row\"><div class=\"column small-12 medium-12 large-12 faq-title\"><h3>Was sind die Hauptvorteile von LKT?<\/h3><\/div><div class=\"column small-12 medium-12 large-12 faq-text\"><div class=\"faq-text-inner\">\n<p>LKT-Maschinen sind vor allem bekannt f\u00fcr ihre <strong>maximale Leistung<\/strong> auch unter anspruchsvollen<br \/>Bedingungen, ihre robuste und <strong>widerstandsf\u00e4hige Bauweise<\/strong>, die eine lange Lebensdauer gew\u00e4hrleistet, und<br \/>gleichzeitig <strong>minimale Auswirkungen auf die Natur<\/strong> dank umweltfreundlicher L\u00f6sungen.<br \/>Sie bieten zudem eine hervorragende Wirtschaftlichkeit, vielseitige Einsatzm\u00f6glichkeiten und werden durch<br \/>umfassende Dienstleistungen unterst\u00fctzt.<\/p>\n<\/div><\/div><\/div><\/div><\/div><\/div><div class=\"faq-box\"><div class=\"row\"><div class=\"column small-1 medium-1 large-1 faq-icon\"><span>+<\/span><\/div><div class=\"column small-11 medium-11 large-11 faq-content\"><div class=\"row\"><div class=\"column small-12 medium-12 large-12 faq-title\"><h3>Bieten Sie Schulungen f\u00fcr die Bedienung von LKT-Maschinen an?<\/h3><\/div><div class=\"column small-12 medium-12 large-12 faq-text\"><div class=\"faq-text-inner\">\n<p>Ja, wir legen Wert auf eine sichere und effiziente Bedienung unserer Maschinen. Deshalb<br \/>bieten wir fachliche Schulungen f\u00fcr Fahrer und Bediener von LKT-Maschinen an. <\/p>\n<\/div><\/div><\/div><\/div><\/div><\/div><\/section>\n","protected":false},"excerpt":{"rendered":"","protected":false},"author":1,"featured_media":0,"parent":0,"menu_order":0,"comment_status":"closed","ping_status":"closed","template":"","meta":{"_acf_changed":false,"footnotes":""},"class_list":["post-842","page","type-page","status-publish","hentry"],"acf":[],"yoast_head":"<!-- This site is optimized with the Yoast SEO plugin v26.0 - https:\/\/yoast.com\/wordpress\/plugins\/seo\/ -->\n<title>FAQ - LKT<\/title>\n<meta name=\"robots\" content=\"index, follow, max-snippet:-1, max-image-preview:large, max-video-preview:-1\" \/>\n<link rel=\"canonical\" href=\"https:\/\/www.lktholding.sk\/de\/faq\/\" \/>\n<meta property=\"og:locale\" content=\"de_DE\" \/>\n<meta property=\"og:type\" content=\"article\" \/>\n<meta property=\"og:title\" content=\"FAQ - LKT\" \/>\n<meta property=\"og:url\" content=\"https:\/\/www.lktholding.sk\/de\/faq\/\" \/>\n<meta property=\"og:site_name\" content=\"LKT\" \/>\n<meta property=\"article:modified_time\" content=\"2025-09-24T12:54:02+00:00\" \/>\n<meta name=\"twitter:card\" content=\"summary_large_image\" \/>\n<script type=\"application\/ld+json\" class=\"yoast-schema-graph\">{\"@context\":\"https:\/\/schema.org\",\"@graph\":[{\"@type\":\"WebPage\",\"@id\":\"https:\/\/www.lktholding.sk\/de\/faq\/\",\"url\":\"https:\/\/www.lktholding.sk\/de\/faq\/\",\"name\":\"FAQ - LKT\",\"isPartOf\":{\"@id\":\"https:\/\/www.lktholding.sk\/de\/#website\"},\"datePublished\":\"2025-08-25T23:59:47+00:00\",\"dateModified\":\"2025-09-24T12:54:02+00:00\",\"breadcrumb\":{\"@id\":\"https:\/\/www.lktholding.sk\/de\/faq\/#breadcrumb\"},\"inLanguage\":\"de\",\"potentialAction\":[{\"@type\":\"ReadAction\",\"target\":[\"https:\/\/www.lktholding.sk\/de\/faq\/\"]}]},{\"@type\":\"BreadcrumbList\",\"@id\":\"https:\/\/www.lktholding.sk\/de\/faq\/#breadcrumb\",\"itemListElement\":[{\"@type\":\"ListItem\",\"position\":1,\"name\":\"Home\",\"item\":\"https:\/\/www.lktholding.sk\/de\/startseite\/\"},{\"@type\":\"ListItem\",\"position\":2,\"name\":\"FAQ\"}]},{\"@type\":\"WebSite\",\"@id\":\"https:\/\/www.lktholding.sk\/de\/#website\",\"url\":\"https:\/\/www.lktholding.sk\/de\/\",\"name\":\"LKT\",\"description\":\"\",\"potentialAction\":[{\"@type\":\"SearchAction\",\"target\":{\"@type\":\"EntryPoint\",\"urlTemplate\":\"https:\/\/www.lktholding.sk\/de\/?s={search_term_string}\"},\"query-input\":{\"@type\":\"PropertyValueSpecification\",\"valueRequired\":true,\"valueName\":\"search_term_string\"}}],\"inLanguage\":\"de\"}]}<\/script>\n<!-- \/ Yoast SEO plugin. -->","yoast_head_json":{"title":"FAQ - LKT","robots":{"index":"index","follow":"follow","max-snippet":"max-snippet:-1","max-image-preview":"max-image-preview:large","max-video-preview":"max-video-preview:-1"},"canonical":"https:\/\/www.lktholding.sk\/de\/faq\/","og_locale":"de_DE","og_type":"article","og_title":"FAQ - LKT","og_url":"https:\/\/www.lktholding.sk\/de\/faq\/","og_site_name":"LKT","article_modified_time":"2025-09-24T12:54:02+00:00","twitter_card":"summary_large_image","schema":{"@context":"https:\/\/schema.org","@graph":[{"@type":"WebPage","@id":"https:\/\/www.lktholding.sk\/de\/faq\/","url":"https:\/\/www.lktholding.sk\/de\/faq\/","name":"FAQ - LKT","isPartOf":{"@id":"https:\/\/www.lktholding.sk\/de\/#website"},"datePublished":"2025-08-25T23:59:47+00:00","dateModified":"2025-09-24T12:54:02+00:00","breadcrumb":{"@id":"https:\/\/www.lktholding.sk\/de\/faq\/#breadcrumb"},"inLanguage":"de","potentialAction":[{"@type":"ReadAction","target":["https:\/\/www.lktholding.sk\/de\/faq\/"]}]},{"@type":"BreadcrumbList","@id":"https:\/\/www.lktholding.sk\/de\/faq\/#breadcrumb","itemListElement":[{"@type":"ListItem","position":1,"name":"Home","item":"https:\/\/www.lktholding.sk\/de\/startseite\/"},{"@type":"ListItem","position":2,"name":"FAQ"}]},{"@type":"WebSite","@id":"https:\/\/www.lktholding.sk\/de\/#website","url":"https:\/\/www.lktholding.sk\/de\/","name":"LKT","description":"","potentialAction":[{"@type":"SearchAction","target":{"@type":"EntryPoint","urlTemplate":"https:\/\/www.lktholding.sk\/de\/?s={search_term_string}"},"query-input":{"@type":"PropertyValueSpecification","valueRequired":true,"valueName":"search_term_string"}}],"inLanguage":"de"}]}},"_links":{"self":[{"href":"https:\/\/www.lktholding.sk\/de\/wp-json\/wp\/v2\/pages\/842","targetHints":{"allow":["GET"]}}],"collection":[{"href":"https:\/\/www.lktholding.sk\/de\/wp-json\/wp\/v2\/pages"}],"about":[{"href":"https:\/\/www.lktholding.sk\/de\/wp-json\/wp\/v2\/types\/page"}],"author":[{"embeddable":true,"href":"https:\/\/www.lktholding.sk\/de\/wp-json\/wp\/v2\/users\/1"}],"replies":[{"embeddable":true,"href":"https:\/\/www.lktholding.sk\/de\/wp-json\/wp\/v2\/comments?post=842"}],"version-history":[{"count":1,"href":"https:\/\/www.lktholding.sk\/de\/wp-json\/wp\/v2\/pages\/842\/revisions"}],"predecessor-version":[{"id":843,"href":"https:\/\/www.lktholding.sk\/de\/wp-json\/wp\/v2\/pages\/842\/revisions\/843"}],"wp:attachment":[{"href":"https:\/\/www.lktholding.sk\/de\/wp-json\/wp\/v2\/media?parent=842"}],"curies":[{"name":"wp","href":"https:\/\/api.w.org\/{rel}","templated":true}]}}