{"id":790,"date":"2025-08-21T09:36:55","date_gmt":"2025-08-21T07:36:55","guid":{"rendered":"https:\/\/www.lktholding.sk\/galerie\/"},"modified":"2025-09-24T14:54:00","modified_gmt":"2025-09-24T12:54:00","slug":"galerie","status":"publish","type":"page","link":"https:\/\/www.lktholding.sk\/de\/galerie\/","title":{"rendered":"Galerie"},"content":{"rendered":"\n<p>In unserer Galerie finden Sie Fotos und Videos von Forstmaschinen bei der Arbeit im Gel\u00e4nde, Aufnahmen von<br\/>Fachausstellungen, sowie Einblicke in deren technische L\u00f6sungen und Details. Entdecken Sie die St\u00e4rke und<br\/>Pr\u00e4zision unserer Technik <\/p>\n","protected":false},"excerpt":{"rendered":"<p>In unserer Galerie finden Sie Fotos und Videos von Forstmaschinen bei der Arbeit im Gel\u00e4nde, Aufnahmen vonFachausstellungen, sowie Einblicke in deren technische L\u00f6sungen und Details. Entdecken Sie die St\u00e4rke undPr\u00e4zision unserer Technik<\/p>\n","protected":false},"author":1,"featured_media":0,"parent":0,"menu_order":0,"comment_status":"closed","ping_status":"closed","template":"gallery.php","meta":{"_acf_changed":false,"footnotes":""},"class_list":["post-790","page","type-page","status-publish","hentry"],"acf":[],"yoast_head":"<!-- This site is optimized with the Yoast SEO plugin v26.0 - https:\/\/yoast.com\/wordpress\/plugins\/seo\/ -->\n<title>Galerie - LKT<\/title>\n<meta name=\"robots\" content=\"index, follow, max-snippet:-1, max-image-preview:large, max-video-preview:-1\" \/>\n<link rel=\"canonical\" href=\"https:\/\/www.lktholding.sk\/de\/galerie\/\" \/>\n<meta property=\"og:locale\" content=\"de_DE\" \/>\n<meta property=\"og:type\" content=\"article\" \/>\n<meta property=\"og:title\" content=\"Galerie - LKT\" \/>\n<meta property=\"og:description\" content=\"In unserer Galerie finden Sie Fotos und Videos von Forstmaschinen bei der Arbeit im Gel\u00e4nde, Aufnahmen vonFachausstellungen, sowie Einblicke in deren technische L\u00f6sungen und Details. Entdecken Sie die St\u00e4rke undPr\u00e4zision unserer Technik\" \/>\n<meta property=\"og:url\" content=\"https:\/\/www.lktholding.sk\/de\/galerie\/\" \/>\n<meta property=\"og:site_name\" content=\"LKT\" \/>\n<meta property=\"article:modified_time\" content=\"2025-09-24T12:54:00+00:00\" \/>\n<meta name=\"twitter:card\" content=\"summary_large_image\" \/>\n<script type=\"application\/ld+json\" class=\"yoast-schema-graph\">{\"@context\":\"https:\/\/schema.org\",\"@graph\":[{\"@type\":\"WebPage\",\"@id\":\"https:\/\/www.lktholding.sk\/de\/galerie\/\",\"url\":\"https:\/\/www.lktholding.sk\/de\/galerie\/\",\"name\":\"Galerie - LKT\",\"isPartOf\":{\"@id\":\"https:\/\/www.lktholding.sk\/de\/#website\"},\"datePublished\":\"2025-08-21T07:36:55+00:00\",\"dateModified\":\"2025-09-24T12:54:00+00:00\",\"breadcrumb\":{\"@id\":\"https:\/\/www.lktholding.sk\/de\/galerie\/#breadcrumb\"},\"inLanguage\":\"de\",\"potentialAction\":[{\"@type\":\"ReadAction\",\"target\":[\"https:\/\/www.lktholding.sk\/de\/galerie\/\"]}]},{\"@type\":\"BreadcrumbList\",\"@id\":\"https:\/\/www.lktholding.sk\/de\/galerie\/#breadcrumb\",\"itemListElement\":[{\"@type\":\"ListItem\",\"position\":1,\"name\":\"Home\",\"item\":\"https:\/\/www.lktholding.sk\/de\/startseite\/\"},{\"@type\":\"ListItem\",\"position\":2,\"name\":\"Galerie\"}]},{\"@type\":\"WebSite\",\"@id\":\"https:\/\/www.lktholding.sk\/de\/#website\",\"url\":\"https:\/\/www.lktholding.sk\/de\/\",\"name\":\"LKT\",\"description\":\"\",\"potentialAction\":[{\"@type\":\"SearchAction\",\"target\":{\"@type\":\"EntryPoint\",\"urlTemplate\":\"https:\/\/www.lktholding.sk\/de\/?s={search_term_string}\"},\"query-input\":{\"@type\":\"PropertyValueSpecification\",\"valueRequired\":true,\"valueName\":\"search_term_string\"}}],\"inLanguage\":\"de\"}]}<\/script>\n<!-- \/ Yoast SEO plugin. -->","yoast_head_json":{"title":"Galerie - LKT","robots":{"index":"index","follow":"follow","max-snippet":"max-snippet:-1","max-image-preview":"max-image-preview:large","max-video-preview":"max-video-preview:-1"},"canonical":"https:\/\/www.lktholding.sk\/de\/galerie\/","og_locale":"de_DE","og_type":"article","og_title":"Galerie - LKT","og_description":"In unserer Galerie finden Sie Fotos und Videos von Forstmaschinen bei der Arbeit im Gel\u00e4nde, Aufnahmen vonFachausstellungen, sowie Einblicke in deren technische L\u00f6sungen und Details. Entdecken Sie die St\u00e4rke undPr\u00e4zision unserer Technik","og_url":"https:\/\/www.lktholding.sk\/de\/galerie\/","og_site_name":"LKT","article_modified_time":"2025-09-24T12:54:00+00:00","twitter_card":"summary_large_image","schema":{"@context":"https:\/\/schema.org","@graph":[{"@type":"WebPage","@id":"https:\/\/www.lktholding.sk\/de\/galerie\/","url":"https:\/\/www.lktholding.sk\/de\/galerie\/","name":"Galerie - LKT","isPartOf":{"@id":"https:\/\/www.lktholding.sk\/de\/#website"},"datePublished":"2025-08-21T07:36:55+00:00","dateModified":"2025-09-24T12:54:00+00:00","breadcrumb":{"@id":"https:\/\/www.lktholding.sk\/de\/galerie\/#breadcrumb"},"inLanguage":"de","potentialAction":[{"@type":"ReadAction","target":["https:\/\/www.lktholding.sk\/de\/galerie\/"]}]},{"@type":"BreadcrumbList","@id":"https:\/\/www.lktholding.sk\/de\/galerie\/#breadcrumb","itemListElement":[{"@type":"ListItem","position":1,"name":"Home","item":"https:\/\/www.lktholding.sk\/de\/startseite\/"},{"@type":"ListItem","position":2,"name":"Galerie"}]},{"@type":"WebSite","@id":"https:\/\/www.lktholding.sk\/de\/#website","url":"https:\/\/www.lktholding.sk\/de\/","name":"LKT","description":"","potentialAction":[{"@type":"SearchAction","target":{"@type":"EntryPoint","urlTemplate":"https:\/\/www.lktholding.sk\/de\/?s={search_term_string}"},"query-input":{"@type":"PropertyValueSpecification","valueRequired":true,"valueName":"search_term_string"}}],"inLanguage":"de"}]}},"_links":{"self":[{"href":"https:\/\/www.lktholding.sk\/de\/wp-json\/wp\/v2\/pages\/790","targetHints":{"allow":["GET"]}}],"collection":[{"href":"https:\/\/www.lktholding.sk\/de\/wp-json\/wp\/v2\/pages"}],"about":[{"href":"https:\/\/www.lktholding.sk\/de\/wp-json\/wp\/v2\/types\/page"}],"author":[{"embeddable":true,"href":"https:\/\/www.lktholding.sk\/de\/wp-json\/wp\/v2\/users\/1"}],"replies":[{"embeddable":true,"href":"https:\/\/www.lktholding.sk\/de\/wp-json\/wp\/v2\/comments?post=790"}],"version-history":[{"count":1,"href":"https:\/\/www.lktholding.sk\/de\/wp-json\/wp\/v2\/pages\/790\/revisions"}],"predecessor-version":[{"id":840,"href":"https:\/\/www.lktholding.sk\/de\/wp-json\/wp\/v2\/pages\/790\/revisions\/840"}],"wp:attachment":[{"href":"https:\/\/www.lktholding.sk\/de\/wp-json\/wp\/v2\/media?parent=790"}],"curies":[{"name":"wp","href":"https:\/\/api.w.org\/{rel}","templated":true}]}}