{"id":662,"date":"2025-08-21T09:35:08","date_gmt":"2025-08-21T07:35:08","guid":{"rendered":"https:\/\/www.lktholding.sk\/warum-lkt\/"},"modified":"2025-11-06T20:06:03","modified_gmt":"2025-11-06T19:06:03","slug":"warum-lkt","status":"publish","type":"page","link":"https:\/\/www.lktholding.sk\/de\/warum-lkt\/","title":{"rendered":"Warum LKT"},"content":{"rendered":"\n<h2 class=\"wp-block-heading\">LKT \u2013 stark, zuverl\u00e4ssig, leistungsstark<\/h2>\n\n<p>In der heutigen anspruchsvollen Welt der Forstwirtschaft ben\u00f6tigen Sie einen Partner, auf den Sie sich hundertprozentig verlassen k\u00f6nnen. Einen Partner, der Ihnen nicht nur leistungsstarke und robuste Maschinen liefert, sondern auch umfassende L\u00f6sungen und die Gewissheit, dass Ihre Investition die erwarteten Ergebnisse liefert. LKT ist mehr als nur ein Hersteller von Forsttechnik \u2013 wir sind Ihr zuverl\u00e4ssiger Begleiter auf dem Weg zu einer effizienteren, wirtschaftlicheren und umweltfreundlicheren Arbeit im Wald.   <\/p>\n","protected":false},"excerpt":{"rendered":"<p>LKT \u2013 stark, zuverl\u00e4ssig, leistungsstark In der heutigen anspruchsvollen Welt der Forstwirtschaft ben\u00f6tigen Sie einen Partner, auf den Sie sich hundertprozentig verlassen k\u00f6nnen. Einen Partner, der Ihnen nicht nur leistungsstarke und robuste Maschinen liefert, sondern auch umfassende L\u00f6sungen und die Gewissheit, dass Ihre Investition die erwarteten Ergebnisse liefert. LKT ist mehr als nur ein Hersteller [&hellip;]<\/p>\n","protected":false},"author":1,"featured_media":0,"parent":0,"menu_order":0,"comment_status":"closed","ping_status":"closed","template":"why-lkt.php","meta":{"_acf_changed":false,"footnotes":""},"class_list":["post-662","page","type-page","status-publish","hentry"],"acf":[],"yoast_head":"<!-- This site is optimized with the Yoast SEO plugin v26.0 - https:\/\/yoast.com\/wordpress\/plugins\/seo\/ -->\n<title>Warum LKT - LKT<\/title>\n<meta name=\"robots\" content=\"index, follow, max-snippet:-1, max-image-preview:large, max-video-preview:-1\" \/>\n<link rel=\"canonical\" href=\"https:\/\/www.lktholding.sk\/de\/warum-lkt\/\" \/>\n<meta property=\"og:locale\" content=\"de_DE\" \/>\n<meta property=\"og:type\" content=\"article\" \/>\n<meta property=\"og:title\" content=\"Warum LKT - LKT\" \/>\n<meta property=\"og:description\" content=\"LKT \u2013 stark, zuverl\u00e4ssig, leistungsstark In der heutigen anspruchsvollen Welt der Forstwirtschaft ben\u00f6tigen Sie einen Partner, auf den Sie sich hundertprozentig verlassen k\u00f6nnen. Einen Partner, der Ihnen nicht nur leistungsstarke und robuste Maschinen liefert, sondern auch umfassende L\u00f6sungen und die Gewissheit, dass Ihre Investition die erwarteten Ergebnisse liefert. LKT ist mehr als nur ein Hersteller [&hellip;]\" \/>\n<meta property=\"og:url\" content=\"https:\/\/www.lktholding.sk\/de\/warum-lkt\/\" \/>\n<meta property=\"og:site_name\" content=\"LKT\" \/>\n<meta property=\"article:modified_time\" content=\"2025-11-06T19:06:03+00:00\" \/>\n<meta name=\"twitter:card\" content=\"summary_large_image\" \/>\n<script type=\"application\/ld+json\" class=\"yoast-schema-graph\">{\"@context\":\"https:\/\/schema.org\",\"@graph\":[{\"@type\":\"WebPage\",\"@id\":\"https:\/\/www.lktholding.sk\/de\/warum-lkt\/\",\"url\":\"https:\/\/www.lktholding.sk\/de\/warum-lkt\/\",\"name\":\"Warum LKT - LKT\",\"isPartOf\":{\"@id\":\"https:\/\/www.lktholding.sk\/de\/#website\"},\"datePublished\":\"2025-08-21T07:35:08+00:00\",\"dateModified\":\"2025-11-06T19:06:03+00:00\",\"breadcrumb\":{\"@id\":\"https:\/\/www.lktholding.sk\/de\/warum-lkt\/#breadcrumb\"},\"inLanguage\":\"de\",\"potentialAction\":[{\"@type\":\"ReadAction\",\"target\":[\"https:\/\/www.lktholding.sk\/de\/warum-lkt\/\"]}]},{\"@type\":\"BreadcrumbList\",\"@id\":\"https:\/\/www.lktholding.sk\/de\/warum-lkt\/#breadcrumb\",\"itemListElement\":[{\"@type\":\"ListItem\",\"position\":1,\"name\":\"Home\",\"item\":\"https:\/\/www.lktholding.sk\/de\/startseite\/\"},{\"@type\":\"ListItem\",\"position\":2,\"name\":\"Warum LKT\"}]},{\"@type\":\"WebSite\",\"@id\":\"https:\/\/www.lktholding.sk\/de\/#website\",\"url\":\"https:\/\/www.lktholding.sk\/de\/\",\"name\":\"LKT\",\"description\":\"\",\"potentialAction\":[{\"@type\":\"SearchAction\",\"target\":{\"@type\":\"EntryPoint\",\"urlTemplate\":\"https:\/\/www.lktholding.sk\/de\/?s={search_term_string}\"},\"query-input\":{\"@type\":\"PropertyValueSpecification\",\"valueRequired\":true,\"valueName\":\"search_term_string\"}}],\"inLanguage\":\"de\"}]}<\/script>\n<!-- \/ Yoast SEO plugin. -->","yoast_head_json":{"title":"Warum LKT - LKT","robots":{"index":"index","follow":"follow","max-snippet":"max-snippet:-1","max-image-preview":"max-image-preview:large","max-video-preview":"max-video-preview:-1"},"canonical":"https:\/\/www.lktholding.sk\/de\/warum-lkt\/","og_locale":"de_DE","og_type":"article","og_title":"Warum LKT - LKT","og_description":"LKT \u2013 stark, zuverl\u00e4ssig, leistungsstark In der heutigen anspruchsvollen Welt der Forstwirtschaft ben\u00f6tigen Sie einen Partner, auf den Sie sich hundertprozentig verlassen k\u00f6nnen. Einen Partner, der Ihnen nicht nur leistungsstarke und robuste Maschinen liefert, sondern auch umfassende L\u00f6sungen und die Gewissheit, dass Ihre Investition die erwarteten Ergebnisse liefert. LKT ist mehr als nur ein Hersteller [&hellip;]","og_url":"https:\/\/www.lktholding.sk\/de\/warum-lkt\/","og_site_name":"LKT","article_modified_time":"2025-11-06T19:06:03+00:00","twitter_card":"summary_large_image","schema":{"@context":"https:\/\/schema.org","@graph":[{"@type":"WebPage","@id":"https:\/\/www.lktholding.sk\/de\/warum-lkt\/","url":"https:\/\/www.lktholding.sk\/de\/warum-lkt\/","name":"Warum LKT - LKT","isPartOf":{"@id":"https:\/\/www.lktholding.sk\/de\/#website"},"datePublished":"2025-08-21T07:35:08+00:00","dateModified":"2025-11-06T19:06:03+00:00","breadcrumb":{"@id":"https:\/\/www.lktholding.sk\/de\/warum-lkt\/#breadcrumb"},"inLanguage":"de","potentialAction":[{"@type":"ReadAction","target":["https:\/\/www.lktholding.sk\/de\/warum-lkt\/"]}]},{"@type":"BreadcrumbList","@id":"https:\/\/www.lktholding.sk\/de\/warum-lkt\/#breadcrumb","itemListElement":[{"@type":"ListItem","position":1,"name":"Home","item":"https:\/\/www.lktholding.sk\/de\/startseite\/"},{"@type":"ListItem","position":2,"name":"Warum LKT"}]},{"@type":"WebSite","@id":"https:\/\/www.lktholding.sk\/de\/#website","url":"https:\/\/www.lktholding.sk\/de\/","name":"LKT","description":"","potentialAction":[{"@type":"SearchAction","target":{"@type":"EntryPoint","urlTemplate":"https:\/\/www.lktholding.sk\/de\/?s={search_term_string}"},"query-input":{"@type":"PropertyValueSpecification","valueRequired":true,"valueName":"search_term_string"}}],"inLanguage":"de"}]}},"_links":{"self":[{"href":"https:\/\/www.lktholding.sk\/de\/wp-json\/wp\/v2\/pages\/662","targetHints":{"allow":["GET"]}}],"collection":[{"href":"https:\/\/www.lktholding.sk\/de\/wp-json\/wp\/v2\/pages"}],"about":[{"href":"https:\/\/www.lktholding.sk\/de\/wp-json\/wp\/v2\/types\/page"}],"author":[{"embeddable":true,"href":"https:\/\/www.lktholding.sk\/de\/wp-json\/wp\/v2\/users\/1"}],"replies":[{"embeddable":true,"href":"https:\/\/www.lktholding.sk\/de\/wp-json\/wp\/v2\/comments?post=662"}],"version-history":[{"count":2,"href":"https:\/\/www.lktholding.sk\/de\/wp-json\/wp\/v2\/pages\/662\/revisions"}],"predecessor-version":[{"id":1928,"href":"https:\/\/www.lktholding.sk\/de\/wp-json\/wp\/v2\/pages\/662\/revisions\/1928"}],"wp:attachment":[{"href":"https:\/\/www.lktholding.sk\/de\/wp-json\/wp\/v2\/media?parent=662"}],"curies":[{"name":"wp","href":"https:\/\/api.w.org\/{rel}","templated":true}]}}